{"id":9265,"date":"2020-02-17T18:21:13","date_gmt":"2020-02-17T16:21:13","guid":{"rendered":"http:\/\/vsmatzen-raggendorf.ac.at\/?page_id=9265"},"modified":"2020-05-06T11:47:25","modified_gmt":"2020-05-06T09:47:25","slug":"hausordnung","status":"publish","type":"page","link":"https:\/\/vsmatzen-raggendorf.ac.at\/?page_id=9265","title":{"rendered":"Hausordnung"},"content":{"rendered":"<p style=\"text-align: center;\"><span style=\"font-size: 24pt;\">HAUSORDNUNG<\/span><\/p>\n<p>&nbsp;<\/p>\n<p><strong><u><span style=\"font-size: 14pt;\">Wichtiges f\u00fcr die Eltern:<\/span> <\/u><\/strong><\/p>\n<p>&nbsp;<\/p>\n<p>Der Einlass der Sch\u00fclerInnen in das Schulgeb\u00e4ude erfolgt um 06.55 Uhr. Sch\u00fclerInnen, die bereits fr\u00fcher vor dem Schulgeb\u00e4ude eintreffen, d\u00fcrfen sich im gesch\u00fctzten Windfang aufhalten und werden von Vertretern der Gemeinde beaufsichtigt.<\/p>\n<p>Begleitpersonen verabschieden sich bitte vor dem Eingangstor!<\/p>\n<p>W\u00e4hrend der Unterrichtszeiten am Vormittag sind die Eingangstore versperrt. Eltern und Erziehungsberechtigte haben in Absprache mit dem Klassenlehrer Zutritt zu den Klassenr\u00e4umen (Mitwirkung am Unterricht, etc.). Schulfremden Personen ist der Zutritt zu den Klassenzimmern nicht gestattet. Anmeldung erfolgt in der Direktion oder beim Schulwart!<\/p>\n<p>Die Eltern helfen bitte mit, die Schulsachen in Ordnung und vollst\u00e4ndig (Klebstoff, Hefte, Stifte, Turnsachen,\u2026) zu halten.<\/p>\n<p>Die Erziehung ist nicht nur Aufgabe der Schule, sondern liegt haupts\u00e4chlich im Verantwortungsbereich der Eltern!<\/p>\n<p>Im Krankheitsfall verst\u00e4ndigen die Eltern bitte umgehend die Schule.<\/p>\n<p>Wenn aus gesundheitlichen Gr\u00fcnden beim Turnunterricht nicht teilgenommen werden kann, notieren die Eltern dies bitte im Mitteilungsheft.<\/p>\n<p>Es wird erwartet, dass die Sch\u00fclerInnen sauber und gepflegt zum Unterricht kommen. Schwere Infektionskrankheiten, sowie Lausbefall (\u00e4rztliche Best\u00e4tigung) sind umgehend dem Klassenlehrer zu melden. Im Interesse aller Sch\u00fclerInnen (Minimierung der Ansteckungsgefahr) d\u00fcrfen erkrankte Kinder nicht in die Schule geschickt werden. Bei Fernbleiben vom Unterricht ist die Vorlage einer schriftlichen Entschuldigung unter Angabe des Grundes erforderlich (Mitteilungsheft).<\/p>\n<p>Von den Sch\u00fclerInnen wird erwartet, dass sie durch ihre Mitarbeit und Einordnung in die Klassengemeinschaft eine zielf\u00fchrende Unterrichts- und Erziehungsarbeit erm\u00f6glichen.<\/p>\n<p>Fallen Sch\u00fcler bei der Teilnahme von Unverbindlichen \u00dcbungen mehrmals durch Disziplinlosigkeit auf, k\u00f6nnen sie durch einen Konferenzbeschluss von dieser ausgeschlossen werden!<\/p>\n<p>W\u00e4hrend der gesamten Unterrichtszeit einschlie\u00dflich der Pausen d\u00fcrfen die Sch\u00fclerInnen nur mit schriftlicher Erlaubnis der Erziehungsberechtigten den Schulbereich verlassen.<\/p>\n<p>F\u00fcr die Sch\u00fclerInnen gilt im gesamten Schulgeb\u00e4ude Hausschuhpflicht. Lehrer und Eltern haben daf\u00fcr zu sorgen, dass ihre Schuhe beim Betreten der Klassen sauber und trocken sind.<\/p>\n<p>Sch\u00fclerInnen haben die notwendigen Unterrichtsmittel mitzubringen um einen reibungslosen Ablauf der Unterrichtsarbeit zu gew\u00e4hrleisten. Die Einrichtungen und Anlagen der Schule, sowie alle zur Verf\u00fcgung gestellten Unterrichtsmittel sind schonend zu behandeln und an die vorgesehenen Pl\u00e4tze zu retournieren. Bei mutwilligen Sachbesch\u00e4digungen sowie bei mutwilligen Verunreinigungen haften die Erziehungsberechtigten und haben Schadensersatz zu leisten. Von den Sch\u00fclern wird ein Wiedergutmachen bei Verschmutzung erwartet.<\/p>\n<p>Gegenst\u00e4nde, die den Schulbetrieb st\u00f6ren oder die Sicherheit gef\u00e4hrden, d\u00fcrfen von den Sch\u00fclerInnen nicht in die Schule mitgebracht werden. Die Mitnahme von Spielsachen, bzw. Dingen, die nicht unmittelbar im Unterricht ben\u00f6tigt werden, ist nach Absprache mit der Klassenlehrerin gestattet, erfolgt jedoch auf eigene Gefahr (Keine Haftung seitens der Schule).<\/p>\n<p>F\u00fcr die Sch\u00fclerInnen ist die Verwendung von Handys im Schulareal nicht gestattet.<\/p>\n<p>Im Schulgeb\u00e4ude besteht generelles Rauchverbot (auch in der unterrichtsfreien Zeit).<\/p>\n<p>F\u00fcr das Verhalten auf dem Schulweg und vor dem Schulhaus sind die Erziehungsberechtigten verantwortlich.<\/p>\n<p>W\u00e4hrend der gesamten Dauer der Elternsprechtage sind die Eltern f\u00fcr die Beaufsichtigung ihrer Kinder verantwortlich.<\/p>\n<p>F\u00fcr Gespr\u00e4che mit den Lehrkr\u00e4ften ist ein Termin zu vereinbaren, um daf\u00fcr ausreichend Zeit zur Verf\u00fcgung zu haben.<\/p>\n<p>&nbsp;<\/p>\n<p><strong><u>Wichtiges f\u00fcr die Sch\u00fcler: <\/u><\/strong><\/p>\n<p>&nbsp;<\/p>\n<p>Wir gehen leise durchs Schulhaus, um die Mitsch\u00fcler nicht beim Lernen zu st\u00f6ren.<\/p>\n<p>Niemand m\u00f6chte auf eine verschmutzte Toilette gehen, wir achten daher auf Sauberkeit. Das WC ist kein Aufenthaltsraum und auch kein Spielplatz.<\/p>\n<p>In den Pausen wollen wir uns erholen, in Ruhe essen, trinken, spielen und uns unterhalten. Streitereien st\u00f6ren dabei.<\/p>\n<p>Lernmaterialien, Spielger\u00e4te und Computer sind sehr wertvoll. Wir gehen sorgsam damit um und bringen sie an den vorhergesehenen Platz zur\u00fcck.<\/p>\n<p>Im Schulgeb\u00e4ude tragen wir Hausschuhe, die wir in der Garderobe auf die Ablage stellen. Auch unsere Kopfbedeckungen bleiben in der Garderobe.<\/p>\n<p>Wir alle sind f\u00fcr Sauberkeit und Ordnung im Schulbereich verantwortlich.<\/p>\n<p>Viele Abf\u00e4lle k\u00f6nnen wieder verwertet werden. Daher trennen wir den M\u00fcll in den Klassen sehr gewissenhaft.<\/p>\n<p>Das L\u00e4uten beendet die Pause und ich sitze ruhig auf meinem Platz.<\/p>\n<p>&nbsp;<\/p>\n<p style=\"text-align: center;\"><strong>Immer gilt: Reden statt Raufen!<\/strong><\/p>\n<p>&nbsp;<\/p>\n<p>Einen Streit versuchen wir ohne Gewalt und Schimpfw\u00f6rter zu l\u00f6sen. Wenn wir es nicht schaffen, helfen Lehrerinnen oder Mitsch\u00fcler, eine L\u00f6sung zu finden.<\/p>\n<p>Ich bem\u00fche mich, die Hausordnung einzuhalten. Falls mir das nicht gelingt, \u2026<\/p>\n<ul>\n<li>entschuldige ich mich.<\/li>\n<li>mache ich angerichteten Schaden oder Verunreinigungen wieder gut. Schaffe ich es nicht, helfen meine Eltern dabei.<\/li>\n<li>hole ich Vers\u00e4umtes au\u00dferhalb der Unterrichtszeit nach.<\/li>\n<li>k\u00f6nnen meine Eltern zu einem Gespr\u00e4ch in die Schule bestellt werden.<\/li>\n<li>kann ich von Veranstaltungen ausgeschlossen werden.<\/li>\n<\/ul>\n<p>&nbsp;<\/p>\n<p>&nbsp;<\/p>\n<p>&nbsp; Hausordnung beschlossen im Schulforum September 2014<\/p>\n<p>&nbsp;<\/p>\n<p>&nbsp;<\/p>\n","protected":false},"excerpt":{"rendered":"<p>HAUSORDNUNG &nbsp; Wichtiges f\u00fcr die Eltern: &nbsp; Der Einlass der Sch\u00fclerInnen in das Schulgeb\u00e4ude erfolgt um 06.55 Uhr. Sch\u00fclerInnen, die bereits fr\u00fcher vor dem Schulgeb\u00e4ude eintreffen, d\u00fcrfen sich im gesch\u00fctzten Windfang aufhalten und werden von Vertretern der Gemeinde beaufsichtigt. Begleitpersonen verabschieden sich bitte vor dem Eingangstor! W\u00e4hrend der Unterrichtszeiten am Vormittag sind die Eingangstore versperrt. [&hellip;]<\/p>\n","protected":false},"author":6,"featured_media":0,"parent":0,"menu_order":0,"comment_status":"closed","ping_status":"closed","template":"","meta":{"ngg_post_thumbnail":0,"footnotes":""},"class_list":["post-9265","page","type-page","status-publish","hentry"],"_links":{"self":[{"href":"https:\/\/vsmatzen-raggendorf.ac.at\/index.php?rest_route=\/wp\/v2\/pages\/9265"}],"collection":[{"href":"https:\/\/vsmatzen-raggendorf.ac.at\/index.php?rest_route=\/wp\/v2\/pages"}],"about":[{"href":"https:\/\/vsmatzen-raggendorf.ac.at\/index.php?rest_route=\/wp\/v2\/types\/page"}],"author":[{"embeddable":true,"href":"https:\/\/vsmatzen-raggendorf.ac.at\/index.php?rest_route=\/wp\/v2\/users\/6"}],"replies":[{"embeddable":true,"href":"https:\/\/vsmatzen-raggendorf.ac.at\/index.php?rest_route=%2Fwp%2Fv2%2Fcomments&post=9265"}],"version-history":[{"count":4,"href":"https:\/\/vsmatzen-raggendorf.ac.at\/index.php?rest_route=\/wp\/v2\/pages\/9265\/revisions"}],"predecessor-version":[{"id":9376,"href":"https:\/\/vsmatzen-raggendorf.ac.at\/index.php?rest_route=\/wp\/v2\/pages\/9265\/revisions\/9376"}],"wp:attachment":[{"href":"https:\/\/vsmatzen-raggendorf.ac.at\/index.php?rest_route=%2Fwp%2Fv2%2Fmedia&parent=9265"}],"curies":[{"name":"wp","href":"https:\/\/api.w.org\/{rel}","templated":true}]}}