{"id":9248,"date":"2020-02-17T18:13:31","date_gmt":"2020-02-17T16:13:31","guid":{"rendered":"http:\/\/vsmatzen-raggendorf.ac.at\/?page_id=9248"},"modified":"2023-06-27T12:23:02","modified_gmt":"2023-06-27T10:23:02","slug":"schulstart","status":"publish","type":"page","link":"https:\/\/vsmatzen-raggendorf.ac.at\/?page_id=9248","title":{"rendered":"Schulstart"},"content":{"rendered":"<p align=\"center\"><span style=\"font-size: 14pt;\"><strong><span class=\"header_blau_gross\">Tipps f\u00fcr einen guten Schulstart<\/span><\/strong><\/span><br \/>\n<span style=\"font-size: 14pt;\"><strong><span class=\"header_blau_klein\">Was k\u00f6nnen Eltern tun?<\/span><\/strong><\/span><\/p>\n<p><strong>Selbst\u00e4ndigkeit f\u00f6rdern<\/strong><br \/>\n<em>\u201eMan hilft den Kindern nicht, wenn man etwas f\u00fcr sie tut, was sie selbst tun k\u00f6nnten.\u201c &#8211; Abraham Lincoln<\/em><br \/>\nNehmen Sie sich diesen Leitsatz zu Herzen und lassen Sie Ihr Kind mit Alltagsschwierigkeiten selbst fertig werden. Es wird dadurch gro\u00dfe Selbst\u00e4ndigkeit erlangen und bestens f\u00fcr den Schulalltag vorbereitet sein.<\/p>\n<p><strong>Regelm\u00e4\u00dfigen Tagesablauf einf\u00fchren<\/strong><br \/>\nEin regelm\u00e4\u00dfiger Tagesablauf bedeutet regelm\u00e4\u00dfiges und rechtzeitiges Aufstehen morgens, regelm\u00e4\u00dfige Mahlzeiten sowie regelm\u00e4\u00dfiges und zeitgerechtes zu Bett gehen abends. Kinder im Schulanfangsalter ben\u00f6tigen zwischen 10 und 12 Stunden Schlaf. Ein regelm\u00e4\u00dfiger Ablauf bietet Ihrem Kind eine hilfreiche Orientierung, sodass es selbstbewusst am Tagesgeschehen teilnehmen kann.<\/p>\n<p><strong>Ordnung halten<\/strong><br \/>\nIhr Kind hat jede Menge Schulsachen in der Schultasche, im Bankfach oder auch zu Hause. Es kann sich im Schulalltag nur zurechtfinden, wenn es lernt, selbstverst\u00e4ndlich Ordnung zu halten.<\/p>\n<p><strong>Fernsehkonsum reduzieren<\/strong><br \/>\nZu viel Fernsehkonsum hat massive Konzentrationsschw\u00e4chen zur Folge. Reduzieren Sie daher den Fernseh- und Computerkonsum Ihres Kindes auf maximal eine Stunde pro Tag. Denken Sie daran, dass ein Fernsehger\u00e4t (auch wenn es nicht in Verwendung ist) im Kinderzimmer nichts verloren hat.<\/p>\n<p><strong>Elternabende wahrnehmen<\/strong><br \/>\nDurch die Teilnahme an Elternabenden geben Sie Ihrem Kind das Gef\u00fchl, sich f\u00fcr sein Schulleben zu interessieren. Nur eine gute Zusammenarbeit zwischen Elternhaus und Schule f\u00fchrt zum erw\u00fcnschten Schulerfolg und wird eventuelle Schwierigkeiten \u00fcberwinden.<\/p>\n<p><strong>Bei Hausaufgaben in der N\u00e4he bleiben<\/strong><br \/>\nIhr Kind sollte die Haus\u00fcbungen selbst\u00e4ndig schreiben, jedoch Hilfe in der N\u00e4he wissen. Schaffen Sie eine ruhige und st\u00f6rungsfreie Umgebung, schalten Sie Fernseh- und Radioger\u00e4te ab und achten Sie darauf, dass Geschwister sich ruhig verhalten. Wenn Ihr Kind fertig ist, sehen Sie die Hausaufgabe gemeinsam nochmals durch.<\/p>\n<p><strong>Freude am Lesen vermitteln<\/strong><br \/>\nLesen Sie Ihrem Kind schon im Kleinkindalter regelm\u00e4\u00dfig B\u00fccher vor und regen Sie es sp\u00e4ter zum Mitlesen an. So kann Ihrem Kind von klein auf die Freude am Lesen und die Begeisterung f\u00fcr B\u00fccher vermittelt werden. Ebenso wichtig ist Ihre Vorbildfunktion. Nur wenn Sie selbst gern zu B\u00fcchern greifen, wird das Lesen im Alltag zur Selbstverst\u00e4ndlichkeit. Eine gute Lesekompetenz bildet die Grundlage f\u00fcr den Schulerfolg Ihres Kindes.<\/p>\n<table cellspacing=\"0\" cellpadding=\"0\" border=\"0\">\n<tbody>\n<tr>\n<td valign=\"top\" align=\"left\">\u2022&nbsp;&nbsp;<\/td>\n<td>Wer viel liest, liest gut!<\/td>\n<\/tr>\n<tr>\n<td valign=\"top\" align=\"left\">\u2022&nbsp;&nbsp;<\/td>\n<td>Wer viel liest, erweitert seinen Wortschatz!<\/td>\n<\/tr>\n<tr>\n<td valign=\"top\" align=\"left\">\u2022&nbsp;&nbsp;<\/td>\n<td>Wer viel liest, wird sp\u00e4ter gute Aufs\u00e4tze schreiben!<\/td>\n<\/tr>\n<\/tbody>\n<\/table>\n<p><strong>Keinen Leistungsdruck erzeugen<\/strong><br \/>\nStellen Sie keine zu hohen Erwartungen an die Leistungen Ihres Kindes. Es wird dadurch massiv belastet und f\u00fchlt sich permanent gestresst. Misserfolg und Frust sind vorprogrammiert. Belohnen Sie Ihr Kind nicht f\u00fcr gute Leistungen. Ein Erkaufen von guten Leistungen f\u00fchrt zu Leistungsdruck und die schulischen Ergebnisse leiden darunter.<\/p>\n<p><a href=\"http:\/\/vsmatzen-raggendorf.ac.at\/wp-content\/uploads\/2020\/02\/TippsfuereinengutenSchulstart.pdf\">TippsfuereinengutenSchulstartt.pdf<\/a><\/p>\n<p><a href=\"https:\/\/vsmatzen-raggendorf.ac.at\/wp-content\/uploads\/2023\/06\/Anmeldebogen-fuer-die-Schuleinschreibung-HP.pdf\">Anmeldebogen f\u00fcr die Schuleinschreibung<\/a><\/p>\n<p>&nbsp;<\/p>\n","protected":false},"excerpt":{"rendered":"<p>Tipps f\u00fcr einen guten Schulstart Was k\u00f6nnen Eltern tun? Selbst\u00e4ndigkeit f\u00f6rdern \u201eMan hilft den Kindern nicht, wenn man etwas f\u00fcr sie tut, was sie selbst tun k\u00f6nnten.\u201c &#8211; Abraham Lincoln Nehmen Sie sich diesen Leitsatz zu Herzen und lassen Sie Ihr Kind mit Alltagsschwierigkeiten selbst fertig werden. Es wird dadurch gro\u00dfe Selbst\u00e4ndigkeit erlangen und bestens [&hellip;]<\/p>\n","protected":false},"author":6,"featured_media":0,"parent":0,"menu_order":0,"comment_status":"closed","ping_status":"closed","template":"","meta":{"ngg_post_thumbnail":0,"footnotes":""},"class_list":["post-9248","page","type-page","status-publish","hentry"],"_links":{"self":[{"href":"https:\/\/vsmatzen-raggendorf.ac.at\/index.php?rest_route=\/wp\/v2\/pages\/9248"}],"collection":[{"href":"https:\/\/vsmatzen-raggendorf.ac.at\/index.php?rest_route=\/wp\/v2\/pages"}],"about":[{"href":"https:\/\/vsmatzen-raggendorf.ac.at\/index.php?rest_route=\/wp\/v2\/types\/page"}],"author":[{"embeddable":true,"href":"https:\/\/vsmatzen-raggendorf.ac.at\/index.php?rest_route=\/wp\/v2\/users\/6"}],"replies":[{"embeddable":true,"href":"https:\/\/vsmatzen-raggendorf.ac.at\/index.php?rest_route=%2Fwp%2Fv2%2Fcomments&post=9248"}],"version-history":[{"count":3,"href":"https:\/\/vsmatzen-raggendorf.ac.at\/index.php?rest_route=\/wp\/v2\/pages\/9248\/revisions"}],"predecessor-version":[{"id":9722,"href":"https:\/\/vsmatzen-raggendorf.ac.at\/index.php?rest_route=\/wp\/v2\/pages\/9248\/revisions\/9722"}],"wp:attachment":[{"href":"https:\/\/vsmatzen-raggendorf.ac.at\/index.php?rest_route=%2Fwp%2Fv2%2Fmedia&parent=9248"}],"curies":[{"name":"wp","href":"https:\/\/api.w.org\/{rel}","templated":true}]}}