{"id":9245,"date":"2020-02-17T18:12:15","date_gmt":"2020-02-17T16:12:15","guid":{"rendered":"http:\/\/vsmatzen-raggendorf.ac.at\/?page_id=9245"},"modified":"2020-03-23T13:36:45","modified_gmt":"2020-03-23T11:36:45","slug":"schulreife","status":"publish","type":"page","link":"https:\/\/vsmatzen-raggendorf.ac.at\/?page_id=9245","title":{"rendered":"Schulreife"},"content":{"rendered":"<p align=\"center\"><span style=\"font-size: 18pt;\"><strong><span class=\"header_blau_gross\">Ist mein Kind schulreif?<\/span><\/strong><\/span><br \/>\n<span class=\"header_blau_klein\">Voraussetzungen f\u00fcr Schulanf\u00e4nger<\/span><\/p>\n<p><em>&#8222;Wenn ich sechs bin, dann komme ich in die Schule&#8220;, erz\u00e4hlt die kleine Gerda schon mit vier Jahren stolz herum. Niemals hatten sich die Eltern dar\u00fcber Sorgen gemacht, dass das M\u00e4dchen beim Schuleintritt mit sechs Jahren Schwierigkeiten haben k\u00f6nnte. Dann der erste Schultag: Aufgeregt dr\u00e4ngen die Kinder ins Schulhaus. Gerda jedoch l\u00e4sst die Hand der Mutter nicht mehr los. Es flie\u00dfen Tr\u00e4nen. Die Eltern sind einem Nervenzusammenbruch nahe, sind entt\u00e4uscht, ver\u00e4rgert. Gerade sie haben ihr Kind besonders sorgf\u00e4ltig auf die neue Umstellung vorbereitet.<\/em><\/p>\n<p>Ein Kind, das es nicht schafft, mit den &#8222;altersgem\u00e4\u00dfen Realit\u00e4ten\u201c fertig zu werden. Der Schuleintritt bewirkt eine gewaltige Ver\u00e4nderung im kindlichen Leben.<\/p>\n<p align=\"center\"><strong> Schulpflicht und tats\u00e4chliche Schulreife fallen nicht immer zusammen!<\/strong><\/p>\n<p>Folgende Punkte sind wichtig, um die Freude und den Schulerfolg in der ersten Klasse zu gew\u00e4hrleisten.<\/p>\n<table width=\"674\" cellspacing=\"0\" cellpadding=\"2\" border=\"0\">\n<tbody>\n<tr>\n<td valign=\"top\" align=\"left\"><img loading=\"lazy\" decoding=\"async\" src=\"http:\/\/vsmatzen-raggendorf.ac.at\/images\/spacer.gif\" width=\"16\" height=\"1\"><\/td>\n<td>&nbsp;<\/td>\n<\/tr>\n<tr>\n<td colspan=\"2\" valign=\"top\" align=\"left\"><strong>1 Geistiger Entwicklungszustand<\/strong><\/td>\n<\/tr>\n<tr>\n<td colspan=\"2\" valign=\"top\" align=\"left\">Das Kind<\/td>\n<\/tr>\n<tr>\n<td valign=\"top\" align=\"left\">\u2022&nbsp;&nbsp;<\/td>\n<td>wei\u00df, wie es hei\u00dft und wo es wohnt.<\/td>\n<\/tr>\n<tr>\n<td valign=\"top\" align=\"left\">\u2022&nbsp;&nbsp;<\/td>\n<td>kann Arbeitsauftr\u00e4ge verstehen, sich merken und ausf\u00fchren.<\/td>\n<\/tr>\n<tr>\n<td valign=\"top\" align=\"left\">\u2022&nbsp;&nbsp;<\/td>\n<td>kann Zahlenfolgen nachsprechen.<\/td>\n<\/tr>\n<tr>\n<td valign=\"top\" align=\"left\">\u2022&nbsp;&nbsp;<\/td>\n<td>kann sich drei Reime oder Lieder merken.<\/td>\n<\/tr>\n<tr>\n<td valign=\"top\" align=\"left\">\u2022&nbsp;&nbsp;<\/td>\n<td>kann ein vorgegebenes Muster fortsetzen.<\/td>\n<\/tr>\n<tr>\n<td valign=\"top\" align=\"left\">\u2022&nbsp;&nbsp;<\/td>\n<td>kann links und rechts unterscheiden.<\/td>\n<\/tr>\n<tr>\n<td valign=\"top\" align=\"left\">&nbsp;<\/td>\n<td>&nbsp;<\/td>\n<\/tr>\n<tr>\n<td colspan=\"2\" valign=\"top\" align=\"left\"><strong>2 Motorik<\/strong><\/td>\n<\/tr>\n<tr>\n<td colspan=\"2\" valign=\"top\" align=\"left\">a) Grobmotorik<\/td>\n<\/tr>\n<tr>\n<td colspan=\"2\" valign=\"top\" align=\"left\">Das Kind<\/td>\n<\/tr>\n<tr>\n<td valign=\"top\" align=\"left\">\u2022&nbsp;&nbsp;<\/td>\n<td>kann einen Ball in die H\u00f6he werfen und wieder fangen.<\/td>\n<\/tr>\n<tr>\n<td valign=\"top\" align=\"left\">\u2022&nbsp;&nbsp;<\/td>\n<td>kann ohne Schwierigkeiten r\u00fcckw\u00e4rts gehen.<\/td>\n<\/tr>\n<tr>\n<td valign=\"top\" align=\"left\">\u2022&nbsp;&nbsp;<\/td>\n<td>kann auf akustische oder optische Signale sofort stoppen.<\/td>\n<\/tr>\n<tr>\n<td valign=\"top\" align=\"left\">\u2022&nbsp;&nbsp;<\/td>\n<td>kann ohne Hilfe der Arme aus dem Schneidersitz aufstehen.<\/td>\n<\/tr>\n<tr>\n<td valign=\"top\" align=\"left\">\u2022&nbsp;&nbsp;<\/td>\n<td>kann beidbeinig h\u00fcpfen.<\/td>\n<\/tr>\n<tr>\n<td valign=\"top\" align=\"left\">\u2022&nbsp;&nbsp;<\/td>\n<td>kann vorw\u00e4rts sowie r\u00fcckw\u00e4rts einen Fu\u00df vor bzw. hinter den anderen setzen (Zehe genau an die Ferse).<\/td>\n<\/tr>\n<tr>\n<td valign=\"top\" align=\"left\">&nbsp;<\/td>\n<td>&nbsp;<\/td>\n<\/tr>\n<tr>\n<td colspan=\"2\" valign=\"top\" align=\"left\">b) Feinmotorik<\/td>\n<\/tr>\n<tr>\n<td colspan=\"2\" valign=\"top\" align=\"left\">Das Kind<\/td>\n<\/tr>\n<tr>\n<td valign=\"top\" align=\"left\">\u2022&nbsp;&nbsp;<\/td>\n<td>kann Verschl\u00fcsse selbst\u00e4ndig \u00f6ffnen und schlie\u00dfen (Kn\u00f6pfe, Schuhb\u00e4nder, \u2026).<\/td>\n<\/tr>\n<tr>\n<td valign=\"top\" align=\"left\">\u2022&nbsp;&nbsp;<\/td>\n<td>kann Perlen ohne Probleme auff\u00e4deln.<\/td>\n<\/tr>\n<tr>\n<td valign=\"top\" align=\"left\">\u2022&nbsp;&nbsp;<\/td>\n<td>kann jeden Finger einzeln bewegen und zum Daumen bewegen (Fingerspiele).<\/td>\n<\/tr>\n<tr>\n<td valign=\"top\" align=\"left\">&nbsp;&nbsp;<\/td>\n<td>&nbsp;<\/td>\n<\/tr>\n<tr>\n<td colspan=\"2\" valign=\"top\" align=\"left\"><strong>3 Muskelspannung<\/strong><\/td>\n<\/tr>\n<tr>\n<td colspan=\"2\" valign=\"top\" align=\"left\">Das Kind<\/td>\n<\/tr>\n<tr>\n<td valign=\"top\" align=\"left\">\u2022&nbsp;&nbsp;<\/td>\n<td>kann den Stift gut halten (nicht verkrampft, Druck, Erm\u00fcdung).<\/td>\n<\/tr>\n<tr>\n<td valign=\"top\" align=\"left\">\u2022&nbsp;&nbsp;<\/td>\n<td>kann Begrenzungslinien einhalten.<\/td>\n<\/tr>\n<tr>\n<td valign=\"top\" align=\"left\">\u2022&nbsp;&nbsp;<\/td>\n<td>kann Entfernungen und Abst\u00e4nde gut einsch\u00e4tzen.<\/td>\n<\/tr>\n<tr>\n<td valign=\"top\" align=\"left\">\u2022&nbsp;&nbsp;<\/td>\n<td>kann ein Ziel genau treffen (Ball, Steine, Bohnen, beim Zeichnen).<\/td>\n<\/tr>\n<tr>\n<td valign=\"top\" align=\"left\">&nbsp;&nbsp;<\/td>\n<td>&nbsp;<\/td>\n<\/tr>\n<tr>\n<td colspan=\"2\" valign=\"top\" align=\"left\"><strong>4 Handlungsplanung<\/strong><\/td>\n<\/tr>\n<tr>\n<td colspan=\"2\" valign=\"top\" align=\"left\">Das Kind<\/td>\n<\/tr>\n<tr>\n<td valign=\"top\" align=\"left\">\u2022&nbsp;&nbsp;<\/td>\n<td>kann Bewegungen richtig nachmachen.<\/td>\n<\/tr>\n<tr>\n<td valign=\"top\" align=\"left\">\u2022&nbsp;&nbsp;<\/td>\n<td>hat keine Probleme beim Schneiden, Kleben und Zeichnen.<\/td>\n<\/tr>\n<tr>\n<td valign=\"top\" align=\"left\">\u2022&nbsp;&nbsp;<\/td>\n<td>erlernt leicht neue Spiele.<\/td>\n<\/tr>\n<tr>\n<td valign=\"top\" align=\"left\">\u2022&nbsp;&nbsp;<\/td>\n<td>kann mit ungewohnten Bewegungen und fremden Situationen umgehen.<\/td>\n<\/tr>\n<tr>\n<td valign=\"top\" align=\"left\">&nbsp;<\/td>\n<td>&nbsp;<\/td>\n<\/tr>\n<tr>\n<td colspan=\"2\" valign=\"top\" align=\"left\"><strong>5 Aufmerksamkeit und Konzentration<\/strong><\/td>\n<\/tr>\n<tr>\n<td colspan=\"2\" valign=\"top\" align=\"left\">Das Kind<\/td>\n<\/tr>\n<tr>\n<td valign=\"top\" align=\"left\">\u2022&nbsp;&nbsp;<\/td>\n<td>macht keinen unaufmerksamen und unkonzentrierten Eindruck.<\/td>\n<\/tr>\n<tr>\n<td valign=\"top\" align=\"left\">\u2022&nbsp;&nbsp;<\/td>\n<td>kann ruhig auf dem Platz sitzen.<\/td>\n<\/tr>\n<tr>\n<td valign=\"top\" align=\"left\">\u2022&nbsp;&nbsp;<\/td>\n<td>kann dem Unterrichtsgeschehen aufmerksam folgen.<\/td>\n<\/tr>\n<tr>\n<td valign=\"top\" align=\"left\">\u2022&nbsp;&nbsp;<\/td>\n<td>l\u00e4sst sich durch Nebenger\u00e4usche nicht ablenken.<\/td>\n<\/tr>\n<tr>\n<td valign=\"top\" align=\"left\">\u2022&nbsp;&nbsp;<\/td>\n<td>kann die Aufmerksamkeit auf die durchzuf\u00fchrende T\u00e4tigkeit richten.<\/td>\n<\/tr>\n<tr>\n<td valign=\"top\" align=\"left\">\u2022&nbsp;&nbsp;<\/td>\n<td>kann sich ca. 20 \u2013 30 Minuten mit einer Arbeit oder einem Spiel besch\u00e4ftigen.<\/td>\n<\/tr>\n<tr>\n<td valign=\"top\" align=\"left\">\u2022&nbsp;&nbsp;<\/td>\n<td>kann nach einer Unterbrechung die Arbeit oder das Spiel wieder aufnehmen.<\/td>\n<\/tr>\n<tr>\n<td valign=\"top\" align=\"left\">\u2022&nbsp;&nbsp;<\/td>\n<td>kann eine Arbeit oder ein Spiel zu Ende f\u00fchren.<\/td>\n<\/tr>\n<tr>\n<td valign=\"top\" align=\"left\">&nbsp;<\/td>\n<td>&nbsp;<\/td>\n<\/tr>\n<tr>\n<td colspan=\"2\" valign=\"top\" align=\"left\"><strong>6 Sprachliche F\u00e4higkeiten<\/strong><\/td>\n<\/tr>\n<tr>\n<td colspan=\"2\" valign=\"top\" align=\"left\">Das Kind<\/td>\n<\/tr>\n<tr>\n<td valign=\"top\" align=\"left\">\u2022&nbsp;&nbsp;<\/td>\n<td>kann klar und artikuliert sprechen.<\/td>\n<\/tr>\n<tr>\n<td valign=\"top\" align=\"left\">\u2022&nbsp;&nbsp;<\/td>\n<td>kann alle Laute richtig bilden.<\/td>\n<\/tr>\n<tr>\n<td valign=\"top\" align=\"left\">\u2022&nbsp;&nbsp;<\/td>\n<td>verf\u00fcgt \u00fcber einen altersentsprechenden Wortschatz.<\/td>\n<\/tr>\n<tr>\n<td valign=\"top\" align=\"left\">\u2022&nbsp;&nbsp;<\/td>\n<td>kann Gegenst\u00e4nde und Bilder richtig benennen.<\/td>\n<\/tr>\n<tr>\n<td valign=\"top\" align=\"left\">\u2022&nbsp;&nbsp;<\/td>\n<td>kann grammatisch richtig sprechen.<\/td>\n<\/tr>\n<tr>\n<td valign=\"top\" align=\"left\">\u2022&nbsp;&nbsp;<\/td>\n<td>kann vollst\u00e4ndige S\u00e4tze sprechen.<\/td>\n<\/tr>\n<tr>\n<td valign=\"top\" align=\"left\">&nbsp;<\/td>\n<td>&nbsp;<\/td>\n<\/tr>\n<tr>\n<td colspan=\"2\" valign=\"top\" align=\"left\"><strong>7 Wahrnehmung<\/strong><\/td>\n<\/tr>\n<tr>\n<td colspan=\"2\" valign=\"top\" align=\"left\">a) H\u00f6ren<\/td>\n<\/tr>\n<tr>\n<td colspan=\"2\" valign=\"top\" align=\"left\">Das Kind<\/td>\n<\/tr>\n<tr>\n<td valign=\"top\" align=\"left\">\u2022&nbsp;&nbsp;<\/td>\n<td>kann Richtungen von Ger\u00e4uschquellen zeigen und diese benennen.<\/td>\n<\/tr>\n<tr>\n<td valign=\"top\" align=\"left\">\u2022&nbsp;&nbsp;<\/td>\n<td>kann mit geschlossenen Augen klatschen, klopfen oder stampfen.<\/td>\n<\/tr>\n<tr>\n<td valign=\"top\" align=\"left\">\u2022&nbsp;&nbsp;<\/td>\n<td>kann Alltagsger\u00e4usche erkennen und benennen.<\/td>\n<\/tr>\n<tr>\n<td valign=\"top\" align=\"left\">\u2022&nbsp;&nbsp;<\/td>\n<td>kann einfache Rhythmen fortsetzen.<\/td>\n<\/tr>\n<tr>\n<td valign=\"top\" align=\"left\">\u2022&nbsp;&nbsp;<\/td>\n<td>kann kurze Geschichten nacherz\u00e4hlen.<\/td>\n<\/tr>\n<tr>\n<td valign=\"top\" align=\"left\">\u2022&nbsp;&nbsp;<\/td>\n<td>kann unterscheiden, ob ein Wort kurz oder lang klingt.<\/td>\n<\/tr>\n<tr>\n<td valign=\"top\" align=\"left\">&nbsp;<\/td>\n<td>&nbsp;<\/td>\n<\/tr>\n<tr>\n<td colspan=\"2\" valign=\"top\" align=\"left\">b) Sehen<\/td>\n<\/tr>\n<tr>\n<td colspan=\"2\" valign=\"top\" align=\"left\">Das Kind<\/td>\n<\/tr>\n<tr>\n<td valign=\"top\" align=\"left\">\u2022&nbsp;&nbsp;<\/td>\n<td>kann Bewegungen mit den Augen verfolgen, ohne dabei den Kopf zu drehen.<\/td>\n<\/tr>\n<tr>\n<td valign=\"top\" align=\"left\">\u2022&nbsp;&nbsp;<\/td>\n<td>kann laut Vorlage mit Legematerial arbeiten.<\/td>\n<\/tr>\n<tr>\n<td valign=\"top\" align=\"left\">\u2022&nbsp;&nbsp;<\/td>\n<td>kann Puzzle bauen (mehr als 50 Teile).<\/td>\n<\/tr>\n<tr>\n<td valign=\"top\" align=\"left\">\u2022&nbsp;&nbsp;<\/td>\n<td>kann mit Hilfe von Punkten eine Abbildung vervollst\u00e4ndigen.<\/td>\n<\/tr>\n<tr>\n<td valign=\"top\" align=\"left\">\u2022&nbsp;&nbsp;<\/td>\n<td>kann Gegenst\u00e4nde aus einem Bild heraussuchen.<\/td>\n<\/tr>\n<tr>\n<td valign=\"top\" align=\"left\">\u2022&nbsp;&nbsp;<\/td>\n<td>kann den Stra\u00dfenverkehr richtig beobachten.<\/td>\n<\/tr>\n<tr>\n<td valign=\"top\" align=\"left\">\u2022&nbsp;&nbsp;<\/td>\n<td>kann Objekte, die sich vor seinen Augen bewegen, verfolgen.<\/td>\n<\/tr>\n<tr>\n<td valign=\"top\" align=\"left\">&nbsp;<\/td>\n<td>&nbsp;<\/td>\n<\/tr>\n<tr>\n<td colspan=\"2\" valign=\"top\" align=\"left\">c) Gleichgewicht<\/td>\n<\/tr>\n<tr>\n<td colspan=\"2\" valign=\"top\" align=\"left\">Das Kind<\/td>\n<\/tr>\n<tr>\n<td valign=\"top\" align=\"left\">\u2022&nbsp;&nbsp;<\/td>\n<td>kann auf einem Bein stehen, vor allem mit geschlossenen Augen.<\/td>\n<\/tr>\n<tr>\n<td valign=\"top\" align=\"left\">\u2022&nbsp;&nbsp;<\/td>\n<td>hat Ausdauer und erm\u00fcdet nicht zu schnell.<\/td>\n<\/tr>\n<tr>\n<td valign=\"top\" align=\"left\">\u2022&nbsp;&nbsp;<\/td>\n<td>l\u00fcmmelt nicht auf dem Tisch, st\u00fctzt h\u00e4ufig den Kopf ab oder liegt auf dem Boden.<\/td>\n<\/tr>\n<tr>\n<td valign=\"top\" align=\"left\">\u2022&nbsp;&nbsp;<\/td>\n<td>hat keine schlaksige, schlaffe Haltung.<\/td>\n<\/tr>\n<tr>\n<td valign=\"top\" align=\"left\">\u2022&nbsp;&nbsp;<\/td>\n<td>kann beim Balancieren das Gleichgewicht halten (Bank, Balken, \u2026).<\/td>\n<\/tr>\n<tr>\n<td valign=\"top\" align=\"left\">\u2022&nbsp;&nbsp;<\/td>\n<td>kann sich seitlich rollen.<\/td>\n<\/tr>\n<tr>\n<td valign=\"top\" align=\"left\">&nbsp;<\/td>\n<td>&nbsp;<\/td>\n<\/tr>\n<tr>\n<td colspan=\"2\" valign=\"top\" align=\"left\">d) Tast- und Bewegungsgef\u00fchl<\/td>\n<\/tr>\n<tr>\n<td colspan=\"2\" valign=\"top\" align=\"left\">Das Kind<\/td>\n<\/tr>\n<tr>\n<td valign=\"top\" align=\"left\">\u2022&nbsp;&nbsp;<\/td>\n<td>kann Materialien blind erkennen und benennen.<\/td>\n<\/tr>\n<tr>\n<td valign=\"top\" align=\"left\">\u2022&nbsp;&nbsp;<\/td>\n<td>kann sich blind im Raum orientieren.<\/td>\n<\/tr>\n<tr>\n<td valign=\"top\" align=\"left\">\u2022&nbsp;&nbsp;<\/td>\n<td>kann mit geschlossenen Augen lokalisieren, wo es ber\u00fchrt wird.<\/td>\n<\/tr>\n<tr>\n<td valign=\"top\" align=\"left\">\u2022&nbsp;&nbsp;<\/td>\n<td>kann die Reihenfolge von Ber\u00fchrungen nennen (Hand \u2013 Fu\u00df \u2013 Kopf).<\/td>\n<\/tr>\n<tr>\n<td valign=\"top\" align=\"left\">\u2022&nbsp;&nbsp;<\/td>\n<td>kann mit den eigenen Schulsachen sorgf\u00e4ltig umgehen.<\/td>\n<\/tr>\n<tr>\n<td valign=\"top\" align=\"left\">\u2022&nbsp;&nbsp;<\/td>\n<td>kann Ordnung in seinem Zimmer und bei seinen Spielsachen halten.<\/td>\n<\/tr>\n<tr>\n<td valign=\"top\" align=\"left\">&nbsp;<\/td>\n<td>&nbsp;<\/td>\n<\/tr>\n<tr>\n<td colspan=\"2\" valign=\"top\" align=\"left\">e) K\u00f6rpergef\u00fchl<\/td>\n<\/tr>\n<tr>\n<td colspan=\"2\" valign=\"top\" align=\"left\">Das Kind<\/td>\n<\/tr>\n<tr>\n<td valign=\"top\" align=\"left\">\u2022&nbsp;&nbsp;<\/td>\n<td>kann einen Menschen mit den wichtigsten K\u00f6rperteilen zeichnen.<\/td>\n<\/tr>\n<tr>\n<td valign=\"top\" align=\"left\">\u2022&nbsp;&nbsp;<\/td>\n<td>kann einzelne K\u00f6rperteile benennen und am eigenen K\u00f6rper zeigen.<\/td>\n<\/tr>\n<tr>\n<td valign=\"top\" align=\"left\">\u2022&nbsp;&nbsp;<\/td>\n<td>kann mit beiden H\u00e4nden oder F\u00fc\u00dfen gleichzeitig etwas tun (beidbeiniges H\u00fcpfen).<\/td>\n<\/tr>\n<tr>\n<td valign=\"top\" align=\"left\">\u2022&nbsp;&nbsp;<\/td>\n<td>kann sich neuen Situationen anpassen.<\/td>\n<\/tr>\n<tr>\n<td valign=\"top\" align=\"left\">&nbsp;<\/td>\n<td>&nbsp;<\/td>\n<\/tr>\n<tr>\n<td colspan=\"2\" valign=\"top\" align=\"left\">f) Zeitgef\u00fchl<\/td>\n<\/tr>\n<tr>\n<td colspan=\"2\" valign=\"top\" align=\"left\">Das Kind<\/td>\n<\/tr>\n<tr>\n<td valign=\"top\" align=\"left\">\u2022&nbsp;&nbsp;<\/td>\n<td>kann Bewegungen gleichzeitig ausf\u00fchren (beide Arme in eine Richtung bewegen).<\/td>\n<\/tr>\n<tr>\n<td valign=\"top\" align=\"left\">\u2022&nbsp;&nbsp;<\/td>\n<td>kann Bewegungen \u00fcber eine bestimmte Dauer ausf\u00fchren.<\/td>\n<\/tr>\n<tr>\n<td valign=\"top\" align=\"left\">&nbsp;<\/td>\n<td>&nbsp;<\/td>\n<\/tr>\n<tr>\n<td colspan=\"2\" valign=\"top\" align=\"left\">g) Raumgef\u00fchl<\/td>\n<\/tr>\n<tr>\n<td colspan=\"2\" valign=\"top\" align=\"left\">Das Kind<\/td>\n<\/tr>\n<tr>\n<td valign=\"top\" align=\"left\">\u2022&nbsp;&nbsp;<\/td>\n<td>kann sich sicher im Raum bewegen und st\u00fcrzt nicht oft.<\/td>\n<\/tr>\n<tr>\n<td valign=\"top\" align=\"left\">\u2022&nbsp;&nbsp;<\/td>\n<td>kann auf einer Sprossenwand oder auf dem Spielplatz sicher klettern.<\/td>\n<\/tr>\n<tr>\n<td valign=\"top\" align=\"left\">&nbsp;<\/td>\n<td>&nbsp;<\/td>\n<\/tr>\n<tr>\n<td colspan=\"2\" valign=\"top\" align=\"left\"><strong>8 Soziales Verhalten<\/strong><\/td>\n<\/tr>\n<tr>\n<td colspan=\"2\" valign=\"top\" align=\"left\">Das Kind<\/td>\n<\/tr>\n<tr>\n<td valign=\"top\" align=\"left\">\u2022&nbsp;&nbsp;<\/td>\n<td>kann mit anderen Kindern freundschaftlich umgehen.<\/td>\n<\/tr>\n<tr>\n<td valign=\"top\" align=\"left\">\u2022&nbsp;&nbsp;<\/td>\n<td>kann mit anderen Kindern sprachlich in Kontakt treten.<\/td>\n<\/tr>\n<tr>\n<td valign=\"top\" align=\"left\">\u2022&nbsp;&nbsp;<\/td>\n<td>reagiert nicht versch\u00fcchtert, wenn es angesprochen wird.<\/td>\n<\/tr>\n<tr>\n<td valign=\"top\" align=\"left\">\u2022&nbsp;&nbsp;<\/td>\n<td>nimmt auf andere Kinder R\u00fccksicht.<\/td>\n<\/tr>\n<tr>\n<td valign=\"top\" align=\"left\">\u2022&nbsp;&nbsp;<\/td>\n<td>ist hilfsbereit.<\/td>\n<\/tr>\n<tr>\n<td valign=\"top\" align=\"left\">\u2022&nbsp;&nbsp;<\/td>\n<td>kann seine spontanen W\u00fcnsche zugunsten der Mitmenschen zur\u00fcckstellen.<\/td>\n<\/tr>\n<tr>\n<td valign=\"top\" align=\"left\">\u2022&nbsp;&nbsp;<\/td>\n<td>kann sich in eine Gruppe einordnen.<\/td>\n<\/tr>\n<tr>\n<td valign=\"top\" align=\"left\">\u2022&nbsp;&nbsp;<\/td>\n<td>kann einen vorgegebenen Ordnungsrahmen und Regeln akzeptieren.<\/td>\n<\/tr>\n<tr>\n<td valign=\"top\" align=\"left\">\u2022&nbsp;&nbsp;<\/td>\n<td>kann Aufgaben \u00fcbernehmen.<\/td>\n<\/tr>\n<tr>\n<td valign=\"top\" align=\"left\">\u2022&nbsp;&nbsp;<\/td>\n<td>kann Warten, bis es an der Reihe ist.<\/td>\n<\/tr>\n<tr>\n<td valign=\"top\" align=\"left\">\u2022&nbsp;&nbsp;<\/td>\n<td>ist nicht rasch entt\u00e4uscht und verliert nicht seine Antriebskraft.<\/td>\n<\/tr>\n<tr>\n<td valign=\"top\" align=\"left\">\u2022&nbsp;&nbsp;<\/td>\n<td>kann sein K\u00f6nnen einsch\u00e4tzen.<\/td>\n<\/tr>\n<tr>\n<td valign=\"top\" align=\"left\">\u2022&nbsp;&nbsp;<\/td>\n<td>wagt sich an neue Aufgaben heran.<\/td>\n<\/tr>\n<tr>\n<td valign=\"top\" align=\"left\">\u2022&nbsp;&nbsp;<\/td>\n<td>kann Kritik und Misserfolg ertragen.<\/td>\n<\/tr>\n<tr>\n<td valign=\"top\" align=\"left\">\u2022&nbsp;&nbsp;<\/td>\n<td>kann Freude bei Erfolg zeigen.<\/td>\n<\/tr>\n<\/tbody>\n<\/table>\n<p><a href=\"http:\/\/vsmatzen-raggendorf.ac.at\/wp-content\/uploads\/2020\/02\/IstmeinKindschulreif.pdf\">IstmeinKindschulreif.pdf<\/a><\/p>\n","protected":false},"excerpt":{"rendered":"<p>Ist mein Kind schulreif? Voraussetzungen f\u00fcr Schulanf\u00e4nger &#8222;Wenn ich sechs bin, dann komme ich in die Schule&#8220;, erz\u00e4hlt die kleine Gerda schon mit vier Jahren stolz herum. Niemals hatten sich die Eltern dar\u00fcber Sorgen gemacht, dass das M\u00e4dchen beim Schuleintritt mit sechs Jahren Schwierigkeiten haben k\u00f6nnte. Dann der erste Schultag: Aufgeregt dr\u00e4ngen die Kinder ins [&hellip;]<\/p>\n","protected":false},"author":6,"featured_media":0,"parent":0,"menu_order":0,"comment_status":"closed","ping_status":"closed","template":"","meta":{"ngg_post_thumbnail":0,"footnotes":""},"class_list":["post-9245","page","type-page","status-publish","hentry"],"_links":{"self":[{"href":"https:\/\/vsmatzen-raggendorf.ac.at\/index.php?rest_route=\/wp\/v2\/pages\/9245"}],"collection":[{"href":"https:\/\/vsmatzen-raggendorf.ac.at\/index.php?rest_route=\/wp\/v2\/pages"}],"about":[{"href":"https:\/\/vsmatzen-raggendorf.ac.at\/index.php?rest_route=\/wp\/v2\/types\/page"}],"author":[{"embeddable":true,"href":"https:\/\/vsmatzen-raggendorf.ac.at\/index.php?rest_route=\/wp\/v2\/users\/6"}],"replies":[{"embeddable":true,"href":"https:\/\/vsmatzen-raggendorf.ac.at\/index.php?rest_route=%2Fwp%2Fv2%2Fcomments&post=9245"}],"version-history":[{"count":3,"href":"https:\/\/vsmatzen-raggendorf.ac.at\/index.php?rest_route=\/wp\/v2\/pages\/9245\/revisions"}],"predecessor-version":[{"id":9355,"href":"https:\/\/vsmatzen-raggendorf.ac.at\/index.php?rest_route=\/wp\/v2\/pages\/9245\/revisions\/9355"}],"wp:attachment":[{"href":"https:\/\/vsmatzen-raggendorf.ac.at\/index.php?rest_route=%2Fwp%2Fv2%2Fmedia&parent=9245"}],"curies":[{"name":"wp","href":"https:\/\/api.w.org\/{rel}","templated":true}]}}