{"id":9242,"date":"2020-02-17T18:10:18","date_gmt":"2020-02-17T16:10:18","guid":{"rendered":"http:\/\/vsmatzen-raggendorf.ac.at\/?page_id=9242"},"modified":"2020-03-23T13:42:51","modified_gmt":"2020-03-23T11:42:51","slug":"fuer-eltern","status":"publish","type":"page","link":"https:\/\/vsmatzen-raggendorf.ac.at\/?page_id=9242","title":{"rendered":"Elternpflichten"},"content":{"rendered":"<p align=\"center\"><strong><span class=\"header_blau_gross\">Bitte nehmen Sie Ihre Pflichten als Eltern ernst!<\/span><\/strong><\/p>\n<table cellspacing=\"0\" cellpadding=\"0\" border=\"0\">\n<tbody>\n<tr>\n<td valign=\"top\" align=\"left\">\u2022&nbsp;&nbsp;<\/td>\n<td>Die Erziehung ist nicht nur Aufgabe der Schule, sondern liegt haupts\u00e4chlich im Verantwortungsbereich der Eltern!<\/td>\n<\/tr>\n<tr>\n<td valign=\"top\" align=\"left\">\u2022&nbsp;&nbsp;<\/td>\n<td>Sie haben Vorbildwirkung (zB beim Gr\u00fc\u00dfen, Verhalten auf der Stra\u00dfe,\u2026).<\/td>\n<\/tr>\n<tr>\n<td valign=\"top\" align=\"left\">\u2022&nbsp;&nbsp;<\/td>\n<td>Achten Sie auf einen respektvollen Umgang zwischen Eltern, Lehrern und Sch\u00fclern.<\/td>\n<\/tr>\n<tr>\n<td valign=\"top\" align=\"left\">\u2022&nbsp;&nbsp;<\/td>\n<td>Elternabende sind Pflichtfach! Nur so sind Sie immer gut informiert und zeigen Interesse am Schulleben Ihres Kindes.<\/td>\n<\/tr>\n<tr>\n<td valign=\"top\" align=\"left\">\u2022&nbsp;&nbsp;<\/td>\n<td>Belohnen Sie Ihr Kind nicht f\u00fcr gute Leistungen. Es f\u00fchlt sich dadurch permanent gestresst. Misserfolg und Frust sind vorprogrammiert. Ein Erkaufen von guten Leistungen f\u00fchrt zu Leistungsdruck und die schulischen Ergebnisse leiden darunter.<\/td>\n<\/tr>\n<tr>\n<td valign=\"top\" align=\"left\">\u2022&nbsp;&nbsp;<\/td>\n<td>F\u00fcr das Verhalten auf dem Schulweg und vor dem Schulhaus sind die Erziehungsberechtigten verantwortlich.<\/td>\n<\/tr>\n<tr>\n<td valign=\"top\" align=\"left\">\u2022&nbsp;&nbsp;<\/td>\n<td>Verabschieden Sie sich vor dem Eingangstor von Ihrem Kind.<\/td>\n<\/tr>\n<tr>\n<td valign=\"top\" align=\"left\">\u2022&nbsp;&nbsp;<\/td>\n<td>Bitte st\u00f6ren Sie den Unterricht nicht! F\u00fcr Gespr\u00e4che mit den Lehrkr\u00e4ften vereinbaren sie telefonisch einen Termin.<\/td>\n<\/tr>\n<tr>\n<td valign=\"top\" align=\"left\">\u2022&nbsp;&nbsp;<\/td>\n<td>Kontrollieren Sie t\u00e4glich das Mitteilungsheft Ihres Kindes.<\/td>\n<\/tr>\n<tr>\n<td valign=\"top\" align=\"left\">\u2022&nbsp;&nbsp;<\/td>\n<td>Ihr Kind kann nur ordentlich am Unterricht teilnehmen, wenn alle ben\u00f6tigten Sachen in Ordnung und vollst\u00e4ndig sind. Kontrollieren Sie daher regelm\u00e4\u00dfig die Schultasche und Schulsachen Ihres Kindes.<\/td>\n<\/tr>\n<tr>\n<td valign=\"top\" align=\"left\">\u2022&nbsp;&nbsp;<\/td>\n<td>Im Krankheitsfall verst\u00e4ndigen Sie umgehend die Schule. Schicken Sie Ihr Kind erst wieder in die Schule, wenn es vollst\u00e4ndig gesund ist.<\/td>\n<\/tr>\n<tr>\n<td valign=\"top\" align=\"left\">\u2022&nbsp;&nbsp;<\/td>\n<td>Wenn aus gesundheitlichen Gr\u00fcnden beim Turnunterricht nicht teilgenommen werden kann, muss dies im Mitteilungsheft notiert werden.<\/td>\n<\/tr>\n<tr>\n<td valign=\"top\" align=\"left\">\u2022&nbsp;&nbsp;<\/td>\n<td>Hinterlassen Sie beim Klassenlehrer stets Ihre aktuelle Telefonnummer.<\/td>\n<\/tr>\n<tr>\n<td valign=\"top\" align=\"left\">\u2022&nbsp;&nbsp;<\/td>\n<td>Geben Sie Ihrem Kind keine Spielsachen mit (au\u00dfer es wird ausdr\u00fccklich vom Lehrer gew\u00fcnscht).<\/td>\n<\/tr>\n<tr>\n<td valign=\"top\" align=\"left\">\u2022&nbsp;&nbsp;<\/td>\n<td>Handys sind nur im ausgeschalteten Zustand erlaubt und m\u00fcssen in der Schultasche bleiben.<\/td>\n<\/tr>\n<\/tbody>\n<\/table>\n<div align=\"center\">&nbsp;<\/div>\n<div align=\"center\"><strong>Auf eine gute Zusammenarbeit freut sich das Lehrerteam der<br \/>\nVolksschule Matzen-Raggendorf.<\/strong><\/div>\n","protected":false},"excerpt":{"rendered":"<p>Bitte nehmen Sie Ihre Pflichten als Eltern ernst! \u2022&nbsp;&nbsp; Die Erziehung ist nicht nur Aufgabe der Schule, sondern liegt haupts\u00e4chlich im Verantwortungsbereich der Eltern! \u2022&nbsp;&nbsp; Sie haben Vorbildwirkung (zB beim Gr\u00fc\u00dfen, Verhalten auf der Stra\u00dfe,\u2026). \u2022&nbsp;&nbsp; Achten Sie auf einen respektvollen Umgang zwischen Eltern, Lehrern und Sch\u00fclern. \u2022&nbsp;&nbsp; Elternabende sind Pflichtfach! Nur so sind Sie [&hellip;]<\/p>\n","protected":false},"author":6,"featured_media":0,"parent":0,"menu_order":0,"comment_status":"closed","ping_status":"closed","template":"","meta":{"ngg_post_thumbnail":0,"footnotes":""},"class_list":["post-9242","page","type-page","status-publish","hentry"],"_links":{"self":[{"href":"https:\/\/vsmatzen-raggendorf.ac.at\/index.php?rest_route=\/wp\/v2\/pages\/9242"}],"collection":[{"href":"https:\/\/vsmatzen-raggendorf.ac.at\/index.php?rest_route=\/wp\/v2\/pages"}],"about":[{"href":"https:\/\/vsmatzen-raggendorf.ac.at\/index.php?rest_route=\/wp\/v2\/types\/page"}],"author":[{"embeddable":true,"href":"https:\/\/vsmatzen-raggendorf.ac.at\/index.php?rest_route=\/wp\/v2\/users\/6"}],"replies":[{"embeddable":true,"href":"https:\/\/vsmatzen-raggendorf.ac.at\/index.php?rest_route=%2Fwp%2Fv2%2Fcomments&post=9242"}],"version-history":[{"count":3,"href":"https:\/\/vsmatzen-raggendorf.ac.at\/index.php?rest_route=\/wp\/v2\/pages\/9242\/revisions"}],"predecessor-version":[{"id":9362,"href":"https:\/\/vsmatzen-raggendorf.ac.at\/index.php?rest_route=\/wp\/v2\/pages\/9242\/revisions\/9362"}],"wp:attachment":[{"href":"https:\/\/vsmatzen-raggendorf.ac.at\/index.php?rest_route=%2Fwp%2Fv2%2Fmedia&parent=9242"}],"curies":[{"name":"wp","href":"https:\/\/api.w.org\/{rel}","templated":true}]}}