{"id":614,"date":"2012-09-17T11:01:51","date_gmt":"2012-09-17T09:01:51","guid":{"rendered":"http:\/\/www.vsklosterneuburg-albrecht.ac.at\/?page_id=614"},"modified":"2026-03-27T13:45:05","modified_gmt":"2026-03-27T11:45:05","slug":"impressum","status":"publish","type":"page","link":"https:\/\/vsmatzen-raggendorf.ac.at\/?page_id=614","title":{"rendered":"Impressum"},"content":{"rendered":"<p><span style=\"color: #808080;\"><span style=\"text-decoration: underline;\">Texte in dieser Website:<\/span><\/span><br \/>\n<span style=\"color: #808080;\"> Lehrer\/innenteam der VS Matzen-Raggendorf<br \/>\nDie Website unterliegt dem Copyright der VS Matzen-Raggendorf<br \/>\nF\u00fcr die Inhalte von verlinkten Websites wird keine Haftung \u00fcbernommen.<\/span><\/p>\n<h2><span style=\"color: #808080;\"><span style=\"text-decoration: underline;\">Kontaktdaten<\/span><\/span><\/h2>\n<p><span style=\"color: #808080;\">Volksschule Matzen-Raggendorf<br \/>\nJubil\u00e4umsplatz<br \/>\n2243 Matzen<br \/>\n<\/span><\/p>\n<p>Direktion: &nbsp;&nbsp; 02289\/2279<br \/>\ne-mail: <a href=\"mailto:vs.matzen-raggendorf@noeschule.at\">vs.matzen-raggendorf@noeschule.at<br \/>\n<\/a><a href=\"http:\/\/vsmatzen-raggendorf.ac.at\">www.vsmatzen-raggendorf.ac.at<\/a><br \/>\n<span style=\"color: #808080;\"> Direktor: Wendy Christian VD<br \/>\n<\/span><\/p>\n","protected":false},"excerpt":{"rendered":"<p>Texte in dieser Website: Lehrer\/innenteam der VS Matzen-Raggendorf Die Website unterliegt dem Copyright der VS Matzen-Raggendorf F\u00fcr die Inhalte von verlinkten Websites wird keine Haftung \u00fcbernommen. Kontaktdaten Volksschule Matzen-Raggendorf Jubil\u00e4umsplatz 2243 Matzen Direktion: &nbsp;&nbsp; 02289\/2279 e-mail: vs.matzen-raggendorf@noeschule.at www.vsmatzen-raggendorf.ac.at Direktor: Wendy Christian VD<\/p>\n","protected":false},"author":6,"featured_media":0,"parent":12,"menu_order":1,"comment_status":"closed","ping_status":"closed","template":"","meta":{"ngg_post_thumbnail":0,"footnotes":""},"class_list":["post-614","page","type-page","status-publish","hentry"],"_links":{"self":[{"href":"https:\/\/vsmatzen-raggendorf.ac.at\/index.php?rest_route=\/wp\/v2\/pages\/614"}],"collection":[{"href":"https:\/\/vsmatzen-raggendorf.ac.at\/index.php?rest_route=\/wp\/v2\/pages"}],"about":[{"href":"https:\/\/vsmatzen-raggendorf.ac.at\/index.php?rest_route=\/wp\/v2\/types\/page"}],"author":[{"embeddable":true,"href":"https:\/\/vsmatzen-raggendorf.ac.at\/index.php?rest_route=\/wp\/v2\/users\/6"}],"replies":[{"embeddable":true,"href":"https:\/\/vsmatzen-raggendorf.ac.at\/index.php?rest_route=%2Fwp%2Fv2%2Fcomments&post=614"}],"version-history":[{"count":9,"href":"https:\/\/vsmatzen-raggendorf.ac.at\/index.php?rest_route=\/wp\/v2\/pages\/614\/revisions"}],"predecessor-version":[{"id":10364,"href":"https:\/\/vsmatzen-raggendorf.ac.at\/index.php?rest_route=\/wp\/v2\/pages\/614\/revisions\/10364"}],"up":[{"embeddable":true,"href":"https:\/\/vsmatzen-raggendorf.ac.at\/index.php?rest_route=\/wp\/v2\/pages\/12"}],"wp:attachment":[{"href":"https:\/\/vsmatzen-raggendorf.ac.at\/index.php?rest_route=%2Fwp%2Fv2%2Fmedia&parent=614"}],"curies":[{"name":"wp","href":"https:\/\/api.w.org\/{rel}","templated":true}]}}